{"id":6,"date":"2015-01-19T10:30:49","date_gmt":"2015-01-19T10:30:49","guid":{"rendered":"http:\/\/themes.muffingroup.com\/be\/cleaner\/?page_id=6"},"modified":"2025-08-07T19:15:35","modified_gmt":"2025-08-07T19:15:35","slug":"a-propos","status":"publish","type":"page","link":"https:\/\/www.annabrzeski.com\/en\/a-propos\/","title":{"rendered":"About"},"content":{"rendered":"<div data-elementor-type=\"wp-page\" data-elementor-id=\"6\" class=\"elementor elementor-6\" data-elementor-post-type=\"page\">\n\t\t\t\t\t\t<section class=\"elementor-section elementor-top-section elementor-element elementor-element-e597621 elementor-section-boxed elementor-section-height-default elementor-section-height-default\" data-id=\"e597621\" data-element_type=\"section\" data-e-type=\"section\">\n\t\t\t\t\t\t<div class=\"elementor-container elementor-column-gap-default\">\n\t\t\t\t\t<div class=\"elementor-column elementor-col-50 elementor-top-column elementor-element elementor-element-29d2bea\" data-id=\"29d2bea\" data-element_type=\"column\" data-e-type=\"column\">\n\t\t\t<div class=\"elementor-widget-wrap elementor-element-populated\">\n\t\t\t\t\t\t<div class=\"elementor-element elementor-element-c002e73 elementor-widget elementor-widget-text-editor\" data-id=\"c002e73\" data-element_type=\"widget\" data-e-type=\"widget\" data-widget_type=\"text-editor.default\">\n\t\t\t\t<div class=\"elementor-widget-container\">\n\t\t\t\t\t\t\t\t\t<div class=\"page\" title=\"Page 1\"><div class=\"section\"><div class=\"layoutArea\"><div class=\"column\"><h2>Hello and welcome to my website!<\/h2><p>I am a musician and a nature photographer. I compose and improvise contemplative\nmusic and I love to combine my two passions (nature and music) by creating nature\nvideos with my photographs, playing various instruments to accompany the images.<\/p><p>My career began as a wildlife biologist and also as a classical musician. I\u2019ve played the\npiano since I was 7 years old and one of the happiest moments of my life was when a\nbig black upright came into our family home on a Christmas Eve many years ago.\nSince then, I\u2019ve been a classical pianist, performer, teacher, accompanist, and singer\/\nchorister.<\/p><p>I was trained as a classical pianist (with a Bachelor of Music Education from Universit\u00e9\ndu Qu\u00e9bec \u00e0 Montr\u00e9al and a Masters in Music Performance from Universit\u00e9 de\nMontr\u00e9al) and taught and performed for many years until an accident radically changed\nmy life. The pain and suffering that ensued opened my heart and brought me to search\nmy inner life for answers. This spiritual journey has resulted in music that comes from\nthe depths of my soul and touches others by its sincerity and embracing presence.<\/p><p>What I love about improvising is that I am utterly present for what wants to come next,\nvulnerable in not knowing how it will sound, yet trusting that Spirit flows through me and\nthat whatever occurs is perfect and exactly what is needed in the moment.<\/p><p>Eventually, my music expanded to include voice, percussion, and a new passion in the\nNative American Style Flute. Most recently, I\u2019ve been focusing on meditative healing\nmusic including these instruments in different combinations.<\/p><p>I now live in a large forested area in the Eastern Townships of Quebec. My healing path\nled me to deepen my connection with Mother Earth and all her nature beings by\nstudying Herbalism, Plant Spirit Medicine, and Shamanism. I commune with my nature\nspirit guides every day. They are teaching and inspiring me to further healing and\nwisdom so that I can express my authentic being through my art. I am learning to reach\nfor more and more presence and heart in my musical expression with the intention of\nsending harmony and healing out into the world and uplifting others on their own healing\njourneys.\u00a0<\/p><\/div><\/div><\/div><\/div>\t\t\t\t\t\t\t\t<\/div>\n\t\t\t\t<\/div>\n\t\t\t\t\t<\/div>\n\t\t<\/div>\n\t\t\t\t<div class=\"elementor-column elementor-col-50 elementor-top-column elementor-element elementor-element-afdbd2c\" data-id=\"afdbd2c\" data-element_type=\"column\" data-e-type=\"column\">\n\t\t\t<div class=\"elementor-widget-wrap elementor-element-populated\">\n\t\t\t\t\t\t<div class=\"elementor-element elementor-element-cbe62ba elementor-widget elementor-widget-image\" data-id=\"cbe62ba\" data-element_type=\"widget\" data-e-type=\"widget\" data-widget_type=\"image.default\">\n\t\t\t\t<div class=\"elementor-widget-container\">\n\t\t\t\t\t\t\t\t\t\t\t\t\t\t\t<img fetchpriority=\"high\" decoding=\"async\" width=\"1024\" height=\"683\" src=\"https:\/\/www.annabrzeski.com\/wp-content\/uploads\/2025\/06\/DSCF0653-About-jpeg-1024x683.jpeg\" class=\"attachment-large size-large wp-image-709\" alt=\"\" srcset=\"https:\/\/www.annabrzeski.com\/wp-content\/uploads\/2025\/06\/DSCF0653-About-jpeg-1024x683.jpeg 1024w, https:\/\/www.annabrzeski.com\/wp-content\/uploads\/2025\/06\/DSCF0653-About-jpeg-800x533.jpeg 800w, https:\/\/www.annabrzeski.com\/wp-content\/uploads\/2025\/06\/DSCF0653-About-jpeg-300x200.jpeg 300w, https:\/\/www.annabrzeski.com\/wp-content\/uploads\/2025\/06\/DSCF0653-About-jpeg-768x512.jpeg 768w, https:\/\/www.annabrzeski.com\/wp-content\/uploads\/2025\/06\/DSCF0653-About-jpeg-1536x1024.jpeg 1536w, https:\/\/www.annabrzeski.com\/wp-content\/uploads\/2025\/06\/DSCF0653-About-jpeg-18x12.jpeg 18w, https:\/\/www.annabrzeski.com\/wp-content\/uploads\/2025\/06\/DSCF0653-About-jpeg-219x146.jpeg 219w, https:\/\/www.annabrzeski.com\/wp-content\/uploads\/2025\/06\/DSCF0653-About-jpeg-50x33.jpeg 50w, https:\/\/www.annabrzeski.com\/wp-content\/uploads\/2025\/06\/DSCF0653-About-jpeg-113x75.jpeg 113w, https:\/\/www.annabrzeski.com\/wp-content\/uploads\/2025\/06\/DSCF0653-About-jpeg.jpeg 1944w\" sizes=\"(max-width: 1024px) 100vw, 1024px\" \/>\t\t\t\t\t\t\t\t\t\t\t\t\t\t\t<\/div>\n\t\t\t\t<\/div>\n\t\t\t\t<div class=\"elementor-element elementor-element-f39648b elementor-widget elementor-widget-image\" data-id=\"f39648b\" data-element_type=\"widget\" data-e-type=\"widget\" data-widget_type=\"image.default\">\n\t\t\t\t<div class=\"elementor-widget-container\">\n\t\t\t\t\t\t\t\t\t\t\t\t\t\t\t<img decoding=\"async\" width=\"1024\" height=\"683\" src=\"https:\/\/www.annabrzeski.com\/wp-content\/uploads\/2025\/06\/DSCF0584-copy-1024x683.jpeg\" class=\"attachment-large size-large wp-image-723\" alt=\"\" srcset=\"https:\/\/www.annabrzeski.com\/wp-content\/uploads\/2025\/06\/DSCF0584-copy-1024x683.jpeg 1024w, https:\/\/www.annabrzeski.com\/wp-content\/uploads\/2025\/06\/DSCF0584-copy-800x533.jpeg 800w, https:\/\/www.annabrzeski.com\/wp-content\/uploads\/2025\/06\/DSCF0584-copy-300x200.jpeg 300w, https:\/\/www.annabrzeski.com\/wp-content\/uploads\/2025\/06\/DSCF0584-copy-768x512.jpeg 768w, https:\/\/www.annabrzeski.com\/wp-content\/uploads\/2025\/06\/DSCF0584-copy-1536x1024.jpeg 1536w, https:\/\/www.annabrzeski.com\/wp-content\/uploads\/2025\/06\/DSCF0584-copy-2048x1365.jpeg 2048w, https:\/\/www.annabrzeski.com\/wp-content\/uploads\/2025\/06\/DSCF0584-copy-18x12.jpeg 18w, https:\/\/www.annabrzeski.com\/wp-content\/uploads\/2025\/06\/DSCF0584-copy-219x146.jpeg 219w, https:\/\/www.annabrzeski.com\/wp-content\/uploads\/2025\/06\/DSCF0584-copy-50x33.jpeg 50w, https:\/\/www.annabrzeski.com\/wp-content\/uploads\/2025\/06\/DSCF0584-copy-113x75.jpeg 113w\" sizes=\"(max-width: 1024px) 100vw, 1024px\" \/>\t\t\t\t\t\t\t\t\t\t\t\t\t\t\t<\/div>\n\t\t\t\t<\/div>\n\t\t\t\t\t<\/div>\n\t\t<\/div>\n\t\t\t\t\t<\/div>\n\t\t<\/section>\n\t\t\t\t<section class=\"elementor-section elementor-top-section elementor-element elementor-element-2d5eace elementor-section-boxed elementor-section-height-default elementor-section-height-default\" data-id=\"2d5eace\" data-element_type=\"section\" data-e-type=\"section\">\n\t\t\t\t\t\t<div class=\"elementor-container elementor-column-gap-default\">\n\t\t\t\t\t<div class=\"elementor-column elementor-col-100 elementor-top-column elementor-element elementor-element-6ffb1d3\" data-id=\"6ffb1d3\" data-element_type=\"column\" data-e-type=\"column\">\n\t\t\t<div class=\"elementor-widget-wrap elementor-element-populated\">\n\t\t\t\t\t\t<div class=\"elementor-element elementor-element-2781462 elementor-widget elementor-widget-text-editor\" data-id=\"2781462\" data-element_type=\"widget\" data-e-type=\"widget\" data-widget_type=\"text-editor.default\">\n\t\t\t\t<div class=\"elementor-widget-container\">\n\t\t\t\t\t\t\t\t\t<p><strong>Translation of an article written by Madeleine Roy for CVS (Conservation des vallons de la Serpentine), available under \u201cPress\u201d.<\/strong><br \/><strong>Series:<\/strong> Characters of the Vallons<br \/><strong>Anna Brzeski:<\/strong> Contemplative Musician and Photographer<\/p>\t\t\t\t\t\t\t\t<\/div>\n\t\t\t\t<\/div>\n\t\t\t\t\t<\/div>\n\t\t<\/div>\n\t\t\t\t\t<\/div>\n\t\t<\/section>\n\t\t\t\t<section class=\"elementor-section elementor-top-section elementor-element elementor-element-16eb724 elementor-section-boxed elementor-section-height-default elementor-section-height-default\" data-id=\"16eb724\" data-element_type=\"section\" data-e-type=\"section\">\n\t\t\t\t\t\t<div class=\"elementor-container elementor-column-gap-default\">\n\t\t\t\t\t<div class=\"elementor-column elementor-col-50 elementor-top-column elementor-element elementor-element-3263489\" data-id=\"3263489\" data-element_type=\"column\" data-e-type=\"column\">\n\t\t\t<div class=\"elementor-widget-wrap elementor-element-populated\">\n\t\t\t\t\t\t<div class=\"elementor-element elementor-element-e309589 elementor-widget elementor-widget-image\" data-id=\"e309589\" data-element_type=\"widget\" data-e-type=\"widget\" data-widget_type=\"image.default\">\n\t\t\t\t<div class=\"elementor-widget-container\">\n\t\t\t\t\t\t\t\t\t\t\t\t\t\t\t<img decoding=\"async\" width=\"732\" height=\"483\" src=\"https:\/\/www.annabrzeski.com\/wp-content\/uploads\/2025\/07\/Capture-decran-le-2025-07-22-a-17.16.02.png\" class=\"attachment-large size-large wp-image-1768\" alt=\"\" srcset=\"https:\/\/www.annabrzeski.com\/wp-content\/uploads\/2025\/07\/Capture-decran-le-2025-07-22-a-17.16.02.png 732w, https:\/\/www.annabrzeski.com\/wp-content\/uploads\/2025\/07\/Capture-decran-le-2025-07-22-a-17.16.02-600x396.png 600w, https:\/\/www.annabrzeski.com\/wp-content\/uploads\/2025\/07\/Capture-decran-le-2025-07-22-a-17.16.02-300x198.png 300w, https:\/\/www.annabrzeski.com\/wp-content\/uploads\/2025\/07\/Capture-decran-le-2025-07-22-a-17.16.02-18x12.png 18w, https:\/\/www.annabrzeski.com\/wp-content\/uploads\/2025\/07\/Capture-decran-le-2025-07-22-a-17.16.02-221x146.png 221w, https:\/\/www.annabrzeski.com\/wp-content\/uploads\/2025\/07\/Capture-decran-le-2025-07-22-a-17.16.02-50x33.png 50w, https:\/\/www.annabrzeski.com\/wp-content\/uploads\/2025\/07\/Capture-decran-le-2025-07-22-a-17.16.02-114x75.png 114w\" sizes=\"(max-width: 732px) 100vw, 732px\" \/>\t\t\t\t\t\t\t\t\t\t\t\t\t\t\t<\/div>\n\t\t\t\t<\/div>\n\t\t\t\t\t<\/div>\n\t\t<\/div>\n\t\t\t\t<div class=\"elementor-column elementor-col-50 elementor-top-column elementor-element elementor-element-cfa4d05\" data-id=\"cfa4d05\" data-element_type=\"column\" data-e-type=\"column\">\n\t\t\t<div class=\"elementor-widget-wrap elementor-element-populated\">\n\t\t\t\t\t\t<div class=\"elementor-element elementor-element-a383ca4 elementor-widget elementor-widget-text-editor\" data-id=\"a383ca4\" data-element_type=\"widget\" data-e-type=\"widget\" data-widget_type=\"text-editor.default\">\n\t\t\t\t<div class=\"elementor-widget-container\">\n\t\t\t\t\t\t\t\t\t<h2><strong>Anna Brzeski: Contemplative Musician and Photographer<\/strong><\/h2><p>I have an appointment with Anna Brzeski, arguably one of the most original citizens of our little\ncorner of the world.<\/p><p>On her 80-hectare property, along the edge of Bellevue Road in Bolton-Est, Anna lives alone in a\ncharming wooden house, in the company of two cats, a dozen large flutes, and a magnificent\ngrand piano.<\/p><p>I felt compelled to write about her because almost every day, the musician shares photos on\nsocial media that absolutely move me with their beauty.<\/p><p>I'm a bit intimidated. But as soon as the door opens, the feeling disappears. Anna is there: warm, open, radiant. Two glasses and a large pitcher of fresh mint-infused water sit on the table.<\/p><p>She explains to me that she took courses in contemplative photography\u2014an approach inspired\nby Tibetan Buddhism that emphasizes observing the world as it is, without trying to judge, alter,\nor beautify it. It's a practice at the crossroads of art and meditation.<\/p><p>\"I walk around my land with my heart wide open and photograph whatever stirs an emotion in\nme,\" says Anna. \"I have a very small camera. Nothing fancy. I simply capture what appears,\nwithout trying to improve it.\"<\/p><p>For Anna, nature is a sacred, sensitive, conscious world. She confides that every morning, when\nthe weather allows, she meditates outdoors. She speaks to the stream that runs through her land,\nasks the trees for guidance, and thanks the flowers and wild plants for their beauty.<\/p><p>\"I feel vulnerable saying this,\" she admits. \"Many people might think it's a little crazy. But what\ncan I say? I feel nature deeply. I feel like I\u2019m a part of it, in symbiosis with it\u2014and I have since I\nwas a little girl.\"<\/p><p>This intimate connection with all living things is something Anna shares not only through her\nphotographs but also through her music. On her YouTube channel, she offers improvisations that\ninstantly uplift the heart and soul.<\/p><p>Anna had a long career as a piano performer and teacher. In recent years, she has also taken up\nplaying Native American style flutes; she owns several instruments crafted from fallen branches\nof trees she knows intimately\u2014spruce, white pine, yellow birch... These flutes, made by artisan\nStephen Rensink (Makwa Flutes), resonate with a bewitching sound. Every summer, Anna uses\nthem to accompany guided meditation sessions held in nature by CVS.<\/p><p>Some of these flutes, made by artisan Stephen Rensink (Makwa Flutes), vibrate with a captivating sound. Every summer, Anna uses them to accompany the guided meditation sessions offered by CVS in the great outdoors.<\/p><p>On July 13, Anna will also give a workshop on contemplative photography to CVS members and their guests.<\/p><p>As you've probably gathered by now: Anna is a generous soul. In 2017, she donated part of her\nproperty to CVS, and she has already expressed the wish to one day give away the rest, so that its\nwild beauty may be preserved forever.<\/p><p>Before I left, Anna insisted on giving me a gift. She asked me to choose a flute, to sit down, and\nto focus on an intention or a desire. For a few minutes, she improvised and recorded a melody\njust for me\u2014a melody I can listen to whenever I need comfort.<\/p><p>An exceptional woman, I tell you. Truly exceptional.<\/p><p>To learn more about Anna's photos and music, visit her Facebook page or YouTube channel.<\/p><p>\u00a0<\/p><p><a href=\"https:\/\/www.youtube.com\/channel\/UCSQ1K_c7bbPW2q6d-VHADiw\"><strong>YouTube Channel<\/strong><\/a><br \/><a href=\"https:\/\/www.facebook.com\/anna.brzeski.1\/\"><strong>Facebook Profile<\/strong><\/a><\/p>\t\t\t\t\t\t\t\t<\/div>\n\t\t\t\t<\/div>\n\t\t\t\t\t<\/div>\n\t\t<\/div>\n\t\t\t\t\t<\/div>\n\t\t<\/section>\n\t\t\t\t<\/div>","protected":false},"excerpt":{"rendered":"<p>Bonjour et bienvenue a\u0300 mon site web! Je suis musicienne et photographe de la nature. Je compose et j\u2019improvise de la musique contemplative. J\u2019adore combiner mes<span class=\"excerpt-hellip\"> [\u2026]<\/span><\/p>","protected":false},"author":1,"featured_media":0,"parent":0,"menu_order":0,"comment_status":"open","ping_status":"closed","template":"","meta":{"footnotes":""},"class_list":["post-6","page","type-page","status-publish","hentry"],"_links":{"self":[{"href":"https:\/\/www.annabrzeski.com\/en\/wp-json\/wp\/v2\/pages\/6","targetHints":{"allow":["GET"]}}],"collection":[{"href":"https:\/\/www.annabrzeski.com\/en\/wp-json\/wp\/v2\/pages"}],"about":[{"href":"https:\/\/www.annabrzeski.com\/en\/wp-json\/wp\/v2\/types\/page"}],"author":[{"embeddable":true,"href":"https:\/\/www.annabrzeski.com\/en\/wp-json\/wp\/v2\/users\/1"}],"replies":[{"embeddable":true,"href":"https:\/\/www.annabrzeski.com\/en\/wp-json\/wp\/v2\/comments?post=6"}],"version-history":[{"count":47,"href":"https:\/\/www.annabrzeski.com\/en\/wp-json\/wp\/v2\/pages\/6\/revisions"}],"predecessor-version":[{"id":1967,"href":"https:\/\/www.annabrzeski.com\/en\/wp-json\/wp\/v2\/pages\/6\/revisions\/1967"}],"wp:attachment":[{"href":"https:\/\/www.annabrzeski.com\/en\/wp-json\/wp\/v2\/media?parent=6"}],"curies":[{"name":"wp","href":"https:\/\/api.w.org\/{rel}","templated":true}]}}