{"id":751,"date":"2025-06-20T19:54:05","date_gmt":"2025-06-20T19:54:05","guid":{"rendered":"https:\/\/www.agencemediatis.com\/anna\/?page_id=751"},"modified":"2025-08-17T19:43:20","modified_gmt":"2025-08-17T19:43:20","slug":"services","status":"publish","type":"page","link":"https:\/\/www.annabrzeski.com\/fr\/services\/","title":{"rendered":"Services"},"content":{"rendered":"<div data-elementor-type=\"wp-page\" data-elementor-id=\"751\" class=\"elementor elementor-751\" data-elementor-post-type=\"page\">\n\t\t\t\t\t\t<section class=\"elementor-section elementor-top-section elementor-element elementor-element-e597621 elementor-section-boxed elementor-section-height-default elementor-section-height-default\" data-id=\"e597621\" data-element_type=\"section\" data-e-type=\"section\">\n\t\t\t\t\t\t<div class=\"elementor-container elementor-column-gap-default\">\n\t\t\t\t\t<div class=\"elementor-column elementor-col-50 elementor-top-column elementor-element elementor-element-29d2bea\" data-id=\"29d2bea\" data-element_type=\"column\" data-e-type=\"column\">\n\t\t\t<div class=\"elementor-widget-wrap elementor-element-populated\">\n\t\t\t\t\t\t<div class=\"elementor-element elementor-element-c002e73 elementor-widget elementor-widget-text-editor\" data-id=\"c002e73\" data-element_type=\"widget\" data-e-type=\"widget\" data-widget_type=\"text-editor.default\">\n\t\t\t\t<div class=\"elementor-widget-container\">\n\t\t\t\t\t\t\t\t\t<div class=\"page\" title=\"Page 1\"><div class=\"section\"><div class=\"layoutArea\"><div class=\"column\"><div class=\"page\" title=\"Page 2\"><div class=\"section\"><div class=\"layoutArea\"><div class=\"column\"><p>J\u2019offre une musique spe\u0301cialise\u0301e pour les personnes qui ont besoin d\u2019accompagnement dans leur gue\u0301rison ou dans leur cheminement. Nous e\u0301tablissons une intention ensemble (par te\u0301le\u0301phone ou par zoom) et je cre\u0301e spontane\u0301ment une pie\u0300ce pour vous que j\u2019enregistre. Je vous l\u2019envoie par la suite pour que vous puissiez l\u2019e\u0301couter tant que vous voulez selon votre besoin.<\/p><p>Je vous invite \u00e0 \u00e9couter la musique propos\u00e9e dans la section \u00ab \u00c9couter\/T\u00e9l\u00e9charger \u00bb pour un aper\u00e7u de ma musique contemplative. Vous pouvez \u00e9galement acheter et t\u00e9l\u00e9charger ces morceaux au format mp3. Je propose \u00e9galement deux CD, \u00ab In the Moment \u00bb et \u00ab The Kingdom of Enki \u00bb, en format num\u00e9rique et physique.<\/p><p>Dans ma musique vocale, j\u2019utilise le \u201clangage de lumie\u0300re.\u201d C\u2019est une forme de communication pluto\u0302t e\u0301nerge\u0301tique qui contourne le mental et se ressens directement dans le coeur. Une connexion personnelle s\u2019e\u0301tablit pour celui qui e\u0301coute. Ceci l\u2019aide a\u0300 se reconnecter avec son Soi ve\u0301ritable et hausse sa vibration pour trouver e\u0301cho avec son but supe\u0301rieur. C\u2019est un outil qui peut amener la gue\u0301rison a\u0300 un niveau physique, mental et cellulaire pour libe\u0301rer des traumas et des vieux modes de comportement qui ne servent plus.<\/p><p>N\u2019he\u0301sitez pas a\u0300 me contacter pour plus d\u2019informations ou pour planifier une session.<\/p><\/div><\/div><\/div><\/div><\/div><\/div><\/div><\/div>\t\t\t\t\t\t\t\t<\/div>\n\t\t\t\t<\/div>\n\t\t\t\t\t<\/div>\n\t\t<\/div>\n\t\t\t\t<div class=\"elementor-column elementor-col-50 elementor-top-column elementor-element elementor-element-afdbd2c\" data-id=\"afdbd2c\" data-element_type=\"column\" data-e-type=\"column\">\n\t\t\t<div class=\"elementor-widget-wrap elementor-element-populated\">\n\t\t\t\t\t\t<div class=\"elementor-element elementor-element-cbe62ba elementor-widget elementor-widget-image\" data-id=\"cbe62ba\" data-element_type=\"widget\" data-e-type=\"widget\" data-widget_type=\"image.default\">\n\t\t\t\t<div class=\"elementor-widget-container\">\n\t\t\t\t\t\t\t\t\t\t\t\t\t\t\t<img fetchpriority=\"high\" decoding=\"async\" width=\"1024\" height=\"683\" src=\"https:\/\/www.annabrzeski.com\/wp-content\/uploads\/2025\/06\/DSCF0804-Offering-1024x683.jpeg\" class=\"attachment-large size-large wp-image-753\" alt=\"\" srcset=\"https:\/\/www.annabrzeski.com\/wp-content\/uploads\/2025\/06\/DSCF0804-Offering-1024x683.jpeg 1024w, https:\/\/www.annabrzeski.com\/wp-content\/uploads\/2025\/06\/DSCF0804-Offering-800x533.jpeg 800w, https:\/\/www.annabrzeski.com\/wp-content\/uploads\/2025\/06\/DSCF0804-Offering-300x200.jpeg 300w, https:\/\/www.annabrzeski.com\/wp-content\/uploads\/2025\/06\/DSCF0804-Offering-768x512.jpeg 768w, https:\/\/www.annabrzeski.com\/wp-content\/uploads\/2025\/06\/DSCF0804-Offering-1536x1024.jpeg 1536w, https:\/\/www.annabrzeski.com\/wp-content\/uploads\/2025\/06\/DSCF0804-Offering-2048x1365.jpeg 2048w, https:\/\/www.annabrzeski.com\/wp-content\/uploads\/2025\/06\/DSCF0804-Offering-18x12.jpeg 18w, https:\/\/www.annabrzeski.com\/wp-content\/uploads\/2025\/06\/DSCF0804-Offering-219x146.jpeg 219w, https:\/\/www.annabrzeski.com\/wp-content\/uploads\/2025\/06\/DSCF0804-Offering-50x33.jpeg 50w, https:\/\/www.annabrzeski.com\/wp-content\/uploads\/2025\/06\/DSCF0804-Offering-113x75.jpeg 113w\" sizes=\"(max-width: 1024px) 100vw, 1024px\" \/>\t\t\t\t\t\t\t\t\t\t\t\t\t\t\t<\/div>\n\t\t\t\t<\/div>\n\t\t\t\t\t<\/div>\n\t\t<\/div>\n\t\t\t\t\t<\/div>\n\t\t<\/section>\n\t\t\t\t<section class=\"elementor-section elementor-top-section elementor-element elementor-element-c402902 elementor-section-boxed elementor-section-height-default elementor-section-height-default\" data-id=\"c402902\" data-element_type=\"section\" data-e-type=\"section\">\n\t\t\t\t\t\t<div class=\"elementor-container elementor-column-gap-default\">\n\t\t\t\t\t<div class=\"elementor-column elementor-col-100 elementor-top-column elementor-element elementor-element-f9e0a13\" data-id=\"f9e0a13\" data-element_type=\"column\" data-e-type=\"column\">\n\t\t\t<div class=\"elementor-widget-wrap elementor-element-populated\">\n\t\t\t\t\t\t<div class=\"elementor-element elementor-element-39ba856 elementor-widget elementor-widget-heading\" data-id=\"39ba856\" data-element_type=\"widget\" data-e-type=\"widget\" data-widget_type=\"heading.default\">\n\t\t\t\t<div class=\"elementor-widget-container\">\n\t\t\t\t\t<h2 class=\"elementor-heading-title elementor-size-default\">Quelques t\u00e9moignages...<\/h2>\t\t\t\t<\/div>\n\t\t\t\t<\/div>\n\t\t\t\t\t<\/div>\n\t\t<\/div>\n\t\t\t\t\t<\/div>\n\t\t<\/section>\n\t\t\t\t<section class=\"elementor-section elementor-top-section elementor-element elementor-element-38d1fd4 elementor-section-boxed elementor-section-height-default elementor-section-height-default\" data-id=\"38d1fd4\" data-element_type=\"section\" data-e-type=\"section\">\n\t\t\t\t\t\t<div class=\"elementor-container elementor-column-gap-default\">\n\t\t\t\t\t<div class=\"elementor-column elementor-col-100 elementor-top-column elementor-element elementor-element-ffc95f7\" data-id=\"ffc95f7\" data-element_type=\"column\" data-e-type=\"column\">\n\t\t\t<div class=\"elementor-widget-wrap elementor-element-populated\">\n\t\t\t\t\t\t<div class=\"elementor-element elementor-element-4134f7f elementor-widget elementor-widget-mfn_testimonials\" data-id=\"4134f7f\" data-element_type=\"widget\" data-e-type=\"widget\" data-widget_type=\"mfn_testimonials.default\">\n\t\t\t\t<div class=\"elementor-widget-container\">\n\t\t\t\t\t<div class=\"testimonials_slider  hide-photos\"><ul class=\"testimonials_slider_ul\"><li><div class=\"single-photo-img\"><img decoding=\"async\" class=\"scale-with-grid\" src=\"https:\/\/www.annabrzeski.com\/wp-content\/themes\/betheme\/images\/testimonials-placeholder.png\" alt=\"Carrie M., Michigan, \u00c9tats-Unis\" \/><\/div><div class=\"bq_wrapper\"><div class=\"blockquote\"><span class=\"mfn-blockquote-icon\"><i class=\"icon-quote\" aria-hidden=\"true\"><\/i><\/span><blockquote>\u00ab Anna et sa musique sont de v\u00e9ritables cadeaux pour notre monde. Je ne suis pas musicienne, et pourtant, c'\u00e9tait comme si Anna jouait une chanson que j'avais \u00e9crite. Chaque fois que je la joue, j'ai l'impression de revenir \u00e0 moi-m\u00eame. \u00bb<\/blockquote><\/div><\/div><div class=\"hr_dots\"><span><\/span><span><\/span><span><\/span><\/div><div class=\"author\"><h5>Carrie M., Michigan, \u00c9tats-Unis<\/h5><span class=\"company\"><\/span><\/div><\/li><li><div class=\"single-photo-img\"><img decoding=\"async\" class=\"scale-with-grid\" src=\"https:\/\/www.annabrzeski.com\/wp-content\/themes\/betheme\/images\/testimonials-placeholder.png\" alt=\"Jane M., Michigan, \u00c9tats-Unis\" \/><\/div><div class=\"bq_wrapper\"><div class=\"blockquote\"><span class=\"mfn-blockquote-icon\"><i class=\"icon-quote\" aria-hidden=\"true\"><\/i><\/span><blockquote>\u00ab Quand je suis \u00e9puis\u00e9e par les exigences de la journ\u00e9e, je m'allonge, je ferme les yeux et je trouve r\u00e9confort et s\u00e9r\u00e9nit\u00e9 dans la pi\u00e8ce signature d'Anna. \u00bb<\/blockquote><\/div><\/div><div class=\"hr_dots\"><span><\/span><span><\/span><span><\/span><\/div><div class=\"author\"><h5>Jane M., Michigan, \u00c9tats-Unis<\/h5><span class=\"company\"><\/span><\/div><\/li><\/ul><\/div>\n\t\t\t\t<\/div>\n\t\t\t\t<\/div>\n\t\t\t\t\t<\/div>\n\t\t<\/div>\n\t\t\t\t\t<\/div>\n\t\t<\/section>\n\t\t\t\t<\/div>","protected":false},"excerpt":{"rendered":"<p>J\u2019offre une musique spe\u0301cialise\u0301e pour les personnes qui ont besoin d\u2019accompagnement dans leur gue\u0301rison ou dans leur cheminement. Nous e\u0301tablissons une intention ensemble (par te\u0301le\u0301phone ou<span class=\"excerpt-hellip\"> [\u2026]<\/span><\/p>","protected":false},"author":1,"featured_media":0,"parent":0,"menu_order":0,"comment_status":"open","ping_status":"closed","template":"","meta":{"footnotes":""},"class_list":["post-751","page","type-page","status-publish","hentry"],"_links":{"self":[{"href":"https:\/\/www.annabrzeski.com\/fr\/wp-json\/wp\/v2\/pages\/751","targetHints":{"allow":["GET"]}}],"collection":[{"href":"https:\/\/www.annabrzeski.com\/fr\/wp-json\/wp\/v2\/pages"}],"about":[{"href":"https:\/\/www.annabrzeski.com\/fr\/wp-json\/wp\/v2\/types\/page"}],"author":[{"embeddable":true,"href":"https:\/\/www.annabrzeski.com\/fr\/wp-json\/wp\/v2\/users\/1"}],"replies":[{"embeddable":true,"href":"https:\/\/www.annabrzeski.com\/fr\/wp-json\/wp\/v2\/comments?post=751"}],"version-history":[{"count":14,"href":"https:\/\/www.annabrzeski.com\/fr\/wp-json\/wp\/v2\/pages\/751\/revisions"}],"predecessor-version":[{"id":2010,"href":"https:\/\/www.annabrzeski.com\/fr\/wp-json\/wp\/v2\/pages\/751\/revisions\/2010"}],"wp:attachment":[{"href":"https:\/\/www.annabrzeski.com\/fr\/wp-json\/wp\/v2\/media?parent=751"}],"curies":[{"name":"wp","href":"https:\/\/api.w.org\/{rel}","templated":true}]}}