{"id":1102,"date":"2025-06-27T13:38:52","date_gmt":"2025-06-27T13:38:52","guid":{"rendered":"https:\/\/www.agencemediatis.com\/anna\/?post_type=product&#038;p=1102"},"modified":"2025-08-07T18:59:53","modified_gmt":"2025-08-07T18:59:53","slug":"cd-anna-brzeski-the-kingdom-of-enki-version-numerique","status":"publish","type":"product","link":"https:\/\/www.annabrzeski.com\/fr\/produit\/cd-anna-brzeski-the-kingdom-of-enki-version-numerique\/","title":{"rendered":"CD &#8211; Anna Brzeski &#8211; The Kingdom of Enki (Version num\u00e9rique)"},"content":{"rendered":"","protected":false},"excerpt":{"rendered":"<p>Cette fantaisie musicale d\u00e9crit un paysage sonore magnifique. C\u2019est une musique instrumentale qui peut \u00eatre \u00e0 la fois effrayante et passionnante, fantaisiste et amusante. Elle est pleine de joie et de lumi\u00e8re.<\/p>\n<p>(2007)<\/p>","protected":false},"featured_media":1948,"template":"","meta":[],"product_brand":[],"product_cat":[43],"product_tag":[],"class_list":{"0":"post-1102","1":"product","2":"type-product","3":"status-publish","4":"has-post-thumbnail","6":"product_cat-cd-kingdom-of-enki","8":"first","9":"instock","10":"downloadable","11":"shipping-taxable","12":"purchasable","13":"product-type-simple"},"_links":{"self":[{"href":"https:\/\/www.annabrzeski.com\/fr\/wp-json\/wp\/v2\/product\/1102","targetHints":{"allow":["GET"]}}],"collection":[{"href":"https:\/\/www.annabrzeski.com\/fr\/wp-json\/wp\/v2\/product"}],"about":[{"href":"https:\/\/www.annabrzeski.com\/fr\/wp-json\/wp\/v2\/types\/product"}],"version-history":[{"count":3,"href":"https:\/\/www.annabrzeski.com\/fr\/wp-json\/wp\/v2\/product\/1102\/revisions"}],"predecessor-version":[{"id":1958,"href":"https:\/\/www.annabrzeski.com\/fr\/wp-json\/wp\/v2\/product\/1102\/revisions\/1958"}],"wp:featuredmedia":[{"embeddable":true,"href":"https:\/\/www.annabrzeski.com\/fr\/wp-json\/wp\/v2\/media\/1948"}],"wp:attachment":[{"href":"https:\/\/www.annabrzeski.com\/fr\/wp-json\/wp\/v2\/media?parent=1102"}],"wp:term":[{"taxonomy":"product_brand","embeddable":true,"href":"https:\/\/www.annabrzeski.com\/fr\/wp-json\/wp\/v2\/product_brand?post=1102"},{"taxonomy":"product_cat","embeddable":true,"href":"https:\/\/www.annabrzeski.com\/fr\/wp-json\/wp\/v2\/product_cat?post=1102"},{"taxonomy":"product_tag","embeddable":true,"href":"https:\/\/www.annabrzeski.com\/fr\/wp-json\/wp\/v2\/product_tag?post=1102"}],"curies":[{"name":"wp","href":"https:\/\/api.w.org\/{rel}","templated":true}]}}